{"id":314,"date":"2025-12-29T01:32:48","date_gmt":"2025-12-29T00:32:48","guid":{"rendered":"https:\/\/jangalczewski.com\/?page_id=314"},"modified":"2025-12-29T01:43:30","modified_gmt":"2025-12-29T00:43:30","slug":"light-migrations","status":"publish","type":"page","link":"https:\/\/jangalczewski.com\/en\/light-migrations\/","title":{"rendered":"Light Migrations"},"content":{"rendered":"<figure class=\"wp-block-image size-large\"><img loading=\"lazy\" decoding=\"async\" width=\"1024\" height=\"683\" src=\"https:\/\/jangalczewski.com\/wp-content\/uploads\/2025\/12\/IMG_6633-1-1024x683.jpg\" alt=\"\" class=\"wp-image-306\" srcset=\"https:\/\/jangalczewski.com\/wp-content\/uploads\/2025\/12\/IMG_6633-1-1024x683.jpg 1024w, https:\/\/jangalczewski.com\/wp-content\/uploads\/2025\/12\/IMG_6633-1-scaled-600x400.jpg 600w, https:\/\/jangalczewski.com\/wp-content\/uploads\/2025\/12\/IMG_6633-1-300x200.jpg 300w, https:\/\/jangalczewski.com\/wp-content\/uploads\/2025\/12\/IMG_6633-1-768x512.jpg 768w\" sizes=\"auto, (max-width: 1024px) 100vw, 1024px\" \/><\/figure>\n\n\n\n<p class=\"has-text-color has-link-color wp-elements-e461656d2983c947b18a279a16e714b8\" style=\"color:#d0d0d0;font-size:26px\"><strong>Light Migrations<\/strong> Light Migrations form a musical space of energy, intimacy and intercultural connections. While their repertoire consists of popularly danced balfolk forms (chappelloises, scottishes, mazurkas, bourees 2 temps and 3 temps, waltzes, polskas, hanter dros, an dros and many more), they attempt to go beyond with their vast musical expertise of many European traditions, their sound range heavily influenced by the Scandinavian and Celtic elements. They reach for both traditional tunes and compose on their own repertoire to create beautiful experiences in dance halls and concert halls alike. <strong>skandynawskich i celtyckich<\/strong>. Light Migrations si\u0119gaj\u0105 po melodie tradycyjne i w\u0142asne utwory, kt\u00f3re &#8211; pe\u0142ne improwizacji i spontanicznej werwy &#8211; sk\u0142adaj\u0105 si\u0119 momenty pe\u0142ne rado\u015bci, wsp\u00f3lnot\u0119 tworzon\u0105 na salach koncertowych oraz tanecznych.<\/p>\n\n\n\n<p class=\"has-white-color has-text-color has-link-color wp-elements-c51b58cacbb2856424ab0e40daa65eee\">Olena Yeremenko &#8211; nyckelharpa, skrzypce (Ukraine)<\/p>\n\n\n\n<p class=\"has-white-color has-text-color has-link-color wp-elements-0574afa655b414cbd4994f2f0f8f812d\">Jan Ga\u0142czewski &#8211; bouzouki irlandzkie (Poland)<\/p>\n\n\n\n<p class=\"has-white-color has-text-color has-link-color wp-elements-99ad06ab2d193022c5b217334fb8669e\">Micha\u0142 G\u00f3rka &#8211; mandola, tagelharpa, wiolonczela (Poland)<\/p>\n\n\n\n<p class=\"has-white-color has-text-color has-link-color wp-elements-4a4d2114d99581687360885dded337b5\">Jakub Szczygie\u0142 &#8211; drewniany flet poprzeczny, whistle (Poland)<\/p>","protected":false},"excerpt":{"rendered":"<p>Light Migrations snuj\u0105 muzyczne przestrzenie pe\u0142ne energii, intymno\u015bci i mi\u0119dzykulturowych po\u0142\u0105cze\u0144. Ich repertuar tworz\u0105 popularne w balfolku formy taneczne (chappelloisy,<\/p>\n<p><a href=\"https:\/\/jangalczewski.com\/en\/light-migrations\/\" class=\"more-link\">Continue reading<span class=\"screen-reader-text\">Light Migrations<\/span><\/a><\/p>","protected":false},"author":1,"featured_media":0,"parent":0,"menu_order":0,"comment_status":"closed","ping_status":"closed","template":"","meta":{"footnotes":""},"class_list":["post-314","page","type-page","status-publish","hentry"],"jetpack_sharing_enabled":true,"_links":{"self":[{"href":"https:\/\/jangalczewski.com\/en\/wp-json\/wp\/v2\/pages\/314","targetHints":{"allow":["GET"]}}],"collection":[{"href":"https:\/\/jangalczewski.com\/en\/wp-json\/wp\/v2\/pages"}],"about":[{"href":"https:\/\/jangalczewski.com\/en\/wp-json\/wp\/v2\/types\/page"}],"author":[{"embeddable":true,"href":"https:\/\/jangalczewski.com\/en\/wp-json\/wp\/v2\/users\/1"}],"replies":[{"embeddable":true,"href":"https:\/\/jangalczewski.com\/en\/wp-json\/wp\/v2\/comments?post=314"}],"version-history":[{"count":5,"href":"https:\/\/jangalczewski.com\/en\/wp-json\/wp\/v2\/pages\/314\/revisions"}],"predecessor-version":[{"id":320,"href":"https:\/\/jangalczewski.com\/en\/wp-json\/wp\/v2\/pages\/314\/revisions\/320"}],"wp:attachment":[{"href":"https:\/\/jangalczewski.com\/en\/wp-json\/wp\/v2\/media?parent=314"}],"curies":[{"name":"wp","href":"https:\/\/api.w.org\/{rel}","templated":true}]}}