{"id":119,"date":"2025-12-28T12:04:00","date_gmt":"2025-12-28T11:04:00","guid":{"rendered":"https:\/\/jangalczewski.com\/?page_id=119"},"modified":"2026-01-09T10:04:14","modified_gmt":"2026-01-09T09:04:14","slug":"o-mnie","status":"publish","type":"page","link":"https:\/\/jangalczewski.com\/en\/o-mnie\/","title":{"rendered":"BIO"},"content":{"rendered":"<h2 class=\"wp-block-heading\">BIO<\/h2>\n\n\n<div class=\"wp-block-image\">\n<figure class=\"aligncenter size-large\"><img loading=\"lazy\" decoding=\"async\" width=\"1579\" height=\"1185\" src=\"https:\/\/jangalczewski.com\/wp-content\/uploads\/2025\/12\/DSC2110-1-edited-2.jpg\" alt=\"\" class=\"wp-image-215\" srcset=\"https:\/\/jangalczewski.com\/wp-content\/uploads\/2025\/12\/DSC2110-1-edited-2.jpg 1579w, https:\/\/jangalczewski.com\/wp-content\/uploads\/2025\/12\/DSC2110-1-edited-2-600x450.jpg 600w, https:\/\/jangalczewski.com\/wp-content\/uploads\/2025\/12\/DSC2110-1-edited-2-300x225.jpg 300w, https:\/\/jangalczewski.com\/wp-content\/uploads\/2025\/12\/DSC2110-1-edited-2-1024x768.jpg 1024w, https:\/\/jangalczewski.com\/wp-content\/uploads\/2025\/12\/DSC2110-1-edited-2-768x576.jpg 768w, https:\/\/jangalczewski.com\/wp-content\/uploads\/2025\/12\/DSC2110-1-edited-2-1536x1153.jpg 1536w, https:\/\/jangalczewski.com\/wp-content\/uploads\/2025\/12\/DSC2110-1-edited-2-440x330.jpg 440w, https:\/\/jangalczewski.com\/wp-content\/uploads\/2025\/12\/DSC2110-1-edited-2-920x690.jpg 920w\" sizes=\"auto, (max-width: 1579px) 100vw, 1579px\" \/><\/figure>\n<\/div>\n\n\n<p>Jan is a multi-instrumentalist specializing in Celtic music. For many years, he has been active on the music scene, playing instruments such as bagpipes, flutes, tenor banjo, guitar, and Irish bouzouki. <\/p>\n\n\n\n<p class=\"translation-block\">On his initiative, the Krakow Celtic Festival and the Polish Celtic Association were established, where he serves as president. The association promotes the music and culture of Celtic countries, organizing events, workshops, and festivals.<\/p>\n\n\n\n<p class=\"translation-block\">He is also a co-founder of the Viral Sessions project, which connected hundreds of musicians from around the world.<\/p>\n\n\n\n<p class=\"translation-block\">As a member of the band Beltaine, Jan has recorded 5 studio albums, including Observer (2023), and 2 live albums. The band has received numerous awards, including Wirtualne G\u0119\u015ble (three times) and the Irish Music Award in 2011 (awarded by the American Irish Music Association). Beltaine\u2019s tracks have appeared on prestigious compilations such as The Witcher: Inspired (for the first The Witcher video game) and Folk si\u0119 Gro!.<\/p>\n\n\n\n<p class=\"translation-block\">Jan also performs with the band Light Migrations, presenting traditional music from across Europe, including France and Sweden, also on balfolk stages.<\/p>\n\n\n\n<p class=\"translation-block\">He regularly performs at festivals around the world, including in the USA, Canada, Mexico, Malaysia, Scotland, Portugal, and Switzerland. Notable appearances include the Shetland Folk Festival, Pittsburgh Irish Festival, Tall Ship Races in Montreal, Ortigueira in Galicia, Montelago, Guinness Irish Festival, Przystanek Woodstock, and the Rainforest World Music Festival in Malaysia, promoting Celtic and folk music.<\/p>\n\n\n\n<p class=\"translation-block\">In addition to his musical career, Jan is an active architect and a graduate of the Cracow University of Technology.<\/p>\n\n\n\n<figure class=\"wp-block-embed aligncenter is-type-wp-embed is-provider-radio-z-qltur wp-block-embed-radio-z-qltur\"><div class=\"wp-block-embed__wrapper\">\n<blockquote class=\"wp-embedded-content\" data-secret=\"O2subpTGLw\"><a href=\"https:\/\/radiozkultura.pl\/podcasty\/architekt-multiinstrumentalista-ktory-pokochal-muzyke-celtow-jan-galczewski\/\">Architekt, multiinstrumentalista, kt\u00f3ry pokocha\u0142 muzyk\u0119 Celt\u00f3w &#8211; Jan Ga\u0142czewski<\/a><\/blockquote><iframe loading=\"lazy\" class=\"wp-embedded-content\" sandbox=\"allow-scripts\" security=\"restricted\" style=\"position: absolute; visibility: hidden;\" title=\"&#8222;Architekt, multiinstrumentalista, kt\u00f3ry pokocha\u0142 muzyk\u0119 Celt\u00f3w &#8211; Jan Ga\u0142czewski&#8221; &#8212; Radio z QLTUR\u0104\" src=\"https:\/\/radiozkultura.pl\/podcasty\/architekt-multiinstrumentalista-ktory-pokochal-muzyke-celtow-jan-galczewski\/embed\/#?secret=qPSQ25rywM#?secret=O2subpTGLw\" data-secret=\"O2subpTGLw\" width=\"600\" height=\"338\" frameborder=\"0\" marginwidth=\"0\" marginheight=\"0\" scrolling=\"no\"><\/iframe>\n<\/div><\/figure>\n\n\n\n<div class=\"wp-block-group\"><div class=\"wp-block-group__inner-container is-layout-constrained wp-block-group-is-layout-constrained\"><\/div><\/div>","protected":false},"excerpt":{"rendered":"<p>BIO Jan jest multiinstrumentalist\u0105, specjalizuj\u0105cym si\u0119 w muzyce celtyckiej. Od wielu lat dzia\u0142a na scenie muzycznej, graj\u0105c na takich instrumentach<\/p>\n<p><a href=\"https:\/\/jangalczewski.com\/en\/o-mnie\/\" class=\"more-link\">Continue reading<span class=\"screen-reader-text\">BIO<\/span><\/a><\/p>","protected":false},"author":1,"featured_media":0,"parent":0,"menu_order":0,"comment_status":"closed","ping_status":"closed","template":"","meta":{"footnotes":""},"class_list":["post-119","page","type-page","status-publish","hentry"],"jetpack_sharing_enabled":true,"_links":{"self":[{"href":"https:\/\/jangalczewski.com\/en\/wp-json\/wp\/v2\/pages\/119","targetHints":{"allow":["GET"]}}],"collection":[{"href":"https:\/\/jangalczewski.com\/en\/wp-json\/wp\/v2\/pages"}],"about":[{"href":"https:\/\/jangalczewski.com\/en\/wp-json\/wp\/v2\/types\/page"}],"author":[{"embeddable":true,"href":"https:\/\/jangalczewski.com\/en\/wp-json\/wp\/v2\/users\/1"}],"replies":[{"embeddable":true,"href":"https:\/\/jangalczewski.com\/en\/wp-json\/wp\/v2\/comments?post=119"}],"version-history":[{"count":18,"href":"https:\/\/jangalczewski.com\/en\/wp-json\/wp\/v2\/pages\/119\/revisions"}],"predecessor-version":[{"id":409,"href":"https:\/\/jangalczewski.com\/en\/wp-json\/wp\/v2\/pages\/119\/revisions\/409"}],"wp:attachment":[{"href":"https:\/\/jangalczewski.com\/en\/wp-json\/wp\/v2\/media?parent=119"}],"curies":[{"name":"wp","href":"https:\/\/api.w.org\/{rel}","templated":true}]}}